{"id":1944,"date":"2022-07-26T14:14:26","date_gmt":"2022-07-26T11:14:26","guid":{"rendered":"https:\/\/kopar.lt\/my-account-2\/"},"modified":"2022-09-01T14:01:26","modified_gmt":"2022-09-01T11:01:26","slug":"mano-paskyra","status":"publish","type":"page","link":"https:\/\/kopar.lt\/lt\/mano-paskyra\/","title":{"rendered":"Mano paskyra"},"content":{"rendered":"<h1>Mano paskyra<\/h1>\n<p>\t\t\t\t\t\t[woocommerce_my_account]<\/p>\n<nav>\n<ul>\n<li>\n\t\t\t\t<a href=\"\">Informacijos suvestin\u0117<\/a>\n\t\t\t<\/li>\n<li>\n\t\t\t\t<a href=\"\/orders\/\">U\u017esakymai<\/a>\n\t\t\t<\/li>\n<li>\n\t\t\t\t<a href=\"\/downloads\/\">Atsisiuntimai<\/a>\n\t\t\t<\/li>\n<li>\n\t\t\t\t<a href=\"\/edit-address\/\">Adresai<\/a>\n\t\t\t<\/li>\n<li>\n\t\t\t\t<a href=\"\/payment-methods\/\">Payment methods<\/a>\n\t\t\t<\/li>\n<li>\n\t\t\t\t<a href=\"\/woo-wallet\/\">My Wallet<\/a>\n\t\t\t<\/li>\n<li>\n\t\t\t\t<a href=\"\/edit-account\/\">Informacija apie paskyr\u0105<\/a>\n\t\t\t<\/li>\n<li>\n\t\t\t\t<a href=\"\/customer-logout\/?_wpnonce=b3510b0760\">Atsijungti<\/a>\n\t\t\t<\/li>\n<\/ul>\n<\/nav>\n<p>\n\tHello <strong>admin<\/strong> (not <strong>admin<\/strong>? <a href=\"\/customer-logout\/?_wpnonce=b3510b0760\">Log out<\/a>)<\/p>\n<p>\n\tFrom your account dashboard you can view your <a href=\"\/orders\/\">recent orders<\/a>, manage your <a href=\"\/edit-address\/\">shipping and billing addresses<\/a>, and <a href=\"\/edit-account\/\">edit your password and account details<\/a>.<\/p>\n","protected":false},"excerpt":{"rendered":"<p>Mano paskyra Prisijungti Vartotojo vardas arba el.pa\u0161to adresas&nbsp;* Slapta\u017eodis&nbsp;* Prisiminti mane Prisijungti Praradote savo slapta\u017eod\u012f? Registruotis El.pa\u0161tas&nbsp;* A link to set a new password will be sent to your email address. Your personal data will be used to support your experience throughout this website, to manage access to your account, and for other purposes described [&hellip;]<\/p>\n","protected":false},"author":1,"featured_media":0,"parent":0,"menu_order":0,"comment_status":"closed","ping_status":"closed","template":"","meta":{"inline_featured_image":false,"footnotes":""},"jetpack_sharing_enabled":true,"_links":{"self":[{"href":"https:\/\/kopar.lt\/lt\/wp-json\/wp\/v2\/pages\/1944"}],"collection":[{"href":"https:\/\/kopar.lt\/lt\/wp-json\/wp\/v2\/pages"}],"about":[{"href":"https:\/\/kopar.lt\/lt\/wp-json\/wp\/v2\/types\/page"}],"author":[{"embeddable":true,"href":"https:\/\/kopar.lt\/lt\/wp-json\/wp\/v2\/users\/1"}],"replies":[{"embeddable":true,"href":"https:\/\/kopar.lt\/lt\/wp-json\/wp\/v2\/comments?post=1944"}],"version-history":[{"count":0,"href":"https:\/\/kopar.lt\/lt\/wp-json\/wp\/v2\/pages\/1944\/revisions"}],"wp:attachment":[{"href":"https:\/\/kopar.lt\/lt\/wp-json\/wp\/v2\/media?parent=1944"}],"curies":[{"name":"wp","href":"https:\/\/api.w.org\/{rel}","templated":true}]}}