{"id":2404,"date":"2022-08-26T13:29:18","date_gmt":"2022-08-26T10:29:18","guid":{"rendered":"https:\/\/kopar.lt\/es-projektai\/"},"modified":"2022-09-01T13:02:23","modified_gmt":"2022-09-01T10:02:23","slug":"es-projektai","status":"publish","type":"page","link":"https:\/\/kopar.lt\/lt\/es-projektai\/","title":{"rendered":"ES Projektai"},"content":{"rendered":"\t\t<div data-elementor-type=\"wp-page\" data-elementor-id=\"2404\" class=\"elementor elementor-2404 elementor-2211\" data-elementor-post-type=\"page\">\n\t\t\t\t<div class=\"elementor-element elementor-element-310179f e-flex e-con-boxed e-con e-parent\" data-id=\"310179f\" data-element_type=\"container\" data-settings=\"{&quot;content_width&quot;:&quot;boxed&quot;,&quot;_ob_use_container_extras&quot;:&quot;no&quot;,&quot;_ob_column_hoveranimator&quot;:&quot;no&quot;,&quot;_ob_glider_is_slider&quot;:&quot;no&quot;,&quot;_ob_column_has_pseudo&quot;:&quot;no&quot;}\" data-core-v316-plus=\"true\">\n\t\t\t\t\t<div class=\"e-con-inner\">\n\t\t<div class=\"ob-is-hoveranimator elementor-element elementor-element-55f61de e-con-full elementor-hidden-tablet elementor-hidden-mobile e-flex ob-is-container-extras e-con e-parent\" data-id=\"55f61de\" data-element_type=\"container\" data-settings=\"{&quot;content_width&quot;:&quot;full&quot;,&quot;_ob_use_container_extras&quot;:&quot;yes&quot;,&quot;_ob_column_hoveranimator&quot;:&quot;yes&quot;,&quot;_ob_glider_is_slider&quot;:&quot;no&quot;,&quot;_ob_column_has_pseudo&quot;:&quot;no&quot;}\" data-core-v316-plus=\"true\">\n\t\t\t\t<div class=\"elementor-element elementor-element-9893ab6 ob-has-background-overlay elementor-widget elementor-widget-spacer\" data-id=\"9893ab6\" data-element_type=\"widget\" data-settings=\"{&quot;_ob_spacerat_use&quot;:&quot;no&quot;,&quot;_ob_widget_stalker_use&quot;:&quot;no&quot;,&quot;_ob_poopart_use&quot;:&quot;yes&quot;,&quot;_ob_shadough_use&quot;:&quot;no&quot;,&quot;_ob_allow_hoveranimator&quot;:&quot;no&quot;}\" data-widget_type=\"spacer.default\">\n\t\t\t\t<div class=\"elementor-widget-container\">\n\t\t\t\t\t<div class=\"elementor-spacer\">\n\t\t\t<div class=\"elementor-spacer-inner\"><\/div>\n\t\t<\/div>\n\t\t\t\t<\/div>\n\t\t\t\t<\/div>\n\t\t\t\t<\/div>\n\t\t<div class=\"ob-is-hoveranimator elementor-element elementor-element-5675829 e-con-full e-flex ob-is-container-extras e-con e-parent\" data-id=\"5675829\" data-element_type=\"container\" data-settings=\"{&quot;content_width&quot;:&quot;full&quot;,&quot;_ob_use_container_extras&quot;:&quot;yes&quot;,&quot;_ob_column_hoveranimator&quot;:&quot;yes&quot;,&quot;_ob_glider_is_slider&quot;:&quot;no&quot;,&quot;_ob_column_has_pseudo&quot;:&quot;no&quot;}\" data-core-v316-plus=\"true\">\n\t\t\t\t<div class=\"elementor-element elementor-element-d939bac ob-harakiri-inherit ob-has-background-overlay elementor-widget elementor-widget-heading\" data-id=\"d939bac\" data-element_type=\"widget\" data-settings=\"{&quot;_ob_use_harakiri&quot;:&quot;yes&quot;,&quot;_ob_harakiri_writing_mode&quot;:&quot;inherit&quot;,&quot;_ob_harakiri_text_clip&quot;:&quot;none&quot;,&quot;_ob_widget_stalker_use&quot;:&quot;no&quot;,&quot;_ob_poopart_use&quot;:&quot;yes&quot;,&quot;_ob_shadough_use&quot;:&quot;no&quot;,&quot;_ob_allow_hoveranimator&quot;:&quot;no&quot;}\" data-widget_type=\"heading.default\">\n\t\t\t\t<div class=\"elementor-widget-container\">\n\t\t\t<h1 class=\"elementor-heading-title elementor-size-default\">ES Projektai<\/h1>\t\t<\/div>\n\t\t\t\t<\/div>\n\t\t\t\t<\/div>\n\t\t<div class=\"ob-is-hoveranimator elementor-element elementor-element-9119842 e-con-full e-flex ob-is-container-extras e-con e-parent\" data-id=\"9119842\" data-element_type=\"container\" data-settings=\"{&quot;content_width&quot;:&quot;full&quot;,&quot;_ob_use_container_extras&quot;:&quot;yes&quot;,&quot;_ob_column_hoveranimator&quot;:&quot;yes&quot;,&quot;_ob_glider_is_slider&quot;:&quot;no&quot;,&quot;_ob_column_has_pseudo&quot;:&quot;no&quot;}\" data-core-v316-plus=\"true\">\n\t\t\t\t<div class=\"elementor-element elementor-element-28be7b7 dce_masking-none ob-has-background-overlay elementor-widget elementor-widget-image\" data-id=\"28be7b7\" data-element_type=\"widget\" data-settings=\"{&quot;_ob_photomorph_use&quot;:&quot;no&quot;,&quot;_ob_widget_stalker_use&quot;:&quot;no&quot;,&quot;_ob_poopart_use&quot;:&quot;yes&quot;,&quot;_ob_shadough_use&quot;:&quot;no&quot;,&quot;_ob_allow_hoveranimator&quot;:&quot;no&quot;}\" data-widget_type=\"image.default\">\n\t\t\t\t<div class=\"elementor-widget-container\">\n\t\t\t\t\t\t\t\t\t\t\t\t\t<img fetchpriority=\"high\" decoding=\"async\" width=\"800\" height=\"800\" src=\"https:\/\/kopar.lt\/wp-content\/uploads\/2022\/08\/ESFIVP-I-3-en.svg\" class=\"attachment-large size-large wp-image-2213\" alt=\"\" \/>\t\t\t\t\t\t\t\t\t\t\t\t\t<\/div>\n\t\t\t\t<\/div>\n\t\t\t\t<\/div>\n\t\t<div class=\"ob-is-hoveranimator elementor-element elementor-element-76aca6b e-con-full e-flex ob-is-container-extras e-con e-parent\" data-id=\"76aca6b\" data-element_type=\"container\" data-settings=\"{&quot;content_width&quot;:&quot;full&quot;,&quot;_ob_use_container_extras&quot;:&quot;yes&quot;,&quot;_ob_column_hoveranimator&quot;:&quot;yes&quot;,&quot;_ob_glider_is_slider&quot;:&quot;no&quot;,&quot;_ob_column_has_pseudo&quot;:&quot;no&quot;}\" data-core-v316-plus=\"true\">\n\t\t\t\t<div class=\"elementor-element elementor-element-5000054 ob-harakiri-inherit ob-has-background-overlay elementor-widget elementor-widget-text-editor\" data-id=\"5000054\" data-element_type=\"widget\" data-settings=\"{&quot;_ob_use_harakiri&quot;:&quot;yes&quot;,&quot;_ob_harakiri_writing_mode&quot;:&quot;inherit&quot;,&quot;_ob_postman_use&quot;:&quot;no&quot;,&quot;_ob_widget_stalker_use&quot;:&quot;no&quot;,&quot;_ob_poopart_use&quot;:&quot;yes&quot;,&quot;_ob_shadough_use&quot;:&quot;no&quot;,&quot;_ob_allow_hoveranimator&quot;:&quot;no&quot;}\" data-widget_type=\"text-editor.default\">\n\t\t\t\t<div class=\"elementor-widget-container\">\n\t\t\t\t\t\t\tI\u012e A. Juknos studija \u201eA+L\u201c \u012fgyvendina ES strukt\u016brin\u0117mis l\u0117\u0161omis finansuojam\u0105 projekt\u0105 Nr. 13.1.1-LVPA-K-860-01-0063 \u201eE. komercijos modelio diegimas I\u012e A. Juknos studija \u201eA+L\u201c. Bendra projekto vert\u0117 \u2013 <strong>52 400,00 <\/strong>Eur, i\u0161 kuri\u0173 <strong>39 300,00 <\/strong>Eur sudaro Europos regionin\u0117s pl\u0117tros fondo l\u0117\u0161os.\r\n<br><br>\r\nParama projekto \u012fgyvendinimui suteikta pagal 2014\u20132020 met\u0173 Europos S\u0105jungos fond\u0173 investicij\u0173 veiksm\u0173 programos 13 prioriteto \u201eVeiksm\u0173, skirt\u0173 COVID-19 pandemijos sukeltai krizei \u012fveikti, skatinimas ir pasirengimas aplink\u0105 tausojan\u010diam, skaitmeniniam ir tvariam ekonomikos atsigavimui\u201c Nr. 13.1.1-LVPA-K-860 \u201eE. komercijos modelis COVID-19\u201c. Projektas yra finansuojamas Europos regionin\u0117s pl\u0117tros fondo l\u0117\u0161omis. Finansuojama kaip Europos S\u0105jungos atsako \u012f COVID-19 pandemij\u0105 priemon\u0117.\r\n<br><br>\r\nI\u012e A. Juknos studija \u201eA+L\u201c \u2013 tai juvelyrini\u0173 gamini\u0173 gamybos \u012fmon\u0117, daugiausiai gaminanti juvelyrinius gaminius i\u0161 gintaro.\r\n<br><br>\r\n\u012emon\u0117 siekia gaminti auk\u0161\u010diausios kokyb\u0117s gaminius bei pasi\u016blyti sprendimus, apiman\u010dius \u012fvairaus dyd\u017eio projektus. \u012emon\u0117, siekdama dar labiau i\u0161pl\u0117sti gamybos ir pajam\u0173 apimtis, nusprend\u0117 imtis naujos gamybos veiklos \u2013 tai bald\u0173 ir interjero detali\u0173 gamyba.\r\n<br><br>\r\nIki \u0161iol \u012fmon\u0117 savo produktus pardavin\u0117jo tik tiesioginiu b\u016bdu, ta\u010diau netur\u0117dama galimyb\u0117s valdyti verslo sandori\u0173 el. b\u016bdu (t.y. vykdyti produkt\u0173 u\u017esakymus elektronin\u0117se prekybos platformoje), ribojo potenciali\u0173 klient\u0173 rat\u0105 ir tuo pa\u010diu \u012fmon\u0117s pajam\u0173 augim\u0105.\r\n<br><br>\r\n\u012emon\u0117, siekdama padidinti konkurencingum\u0105, pritraukti daugiau klient\u0173 ir efektyviau juos aptarnauti, labiau i\u0161pl\u0117sti pardavimus, nusprend\u0117 skaitmenizuoti pardavimo procesus ir pardavin\u0117ti savo produktus naudojantis elektronin\u0117s komercijos sprendimais.\r\n<br><br>\r\n\u0160is projektas inovatyvus tuo, kad bus kuriama elektronin\u0117s prekybos platforma, panaudojant pa\u017eangiausias informacines technologijas, suteikian\u010dias naujas galimybes inovatyviam produkt\u0173 pardavimui.\r\n<br><br>\r\n\u012egyvendintas projektas leis \u012fmonei efektyviau pardavin\u0117ti savo produktus, u\u017etikrins greitesn\u012f ir kokybi\u0161kesn\u012f klient\u0173 aptarnavim\u0105, sutrump\u0117j\u0119s produkt\u0173 pardavimo laikas leis aptarnauti daugiau klient\u0173, tai u\u017etikrins \u012fmon\u0117s pajam\u0173 augim\u0105.\r\n<br><br>\r\nProjekto \u012fgyvendinimo laikotarpis nuo 2022 m. vasario m\u0117n. iki 2023 m. vasario m\u0117n.\t\t\t\t\t\t<\/div>\n\t\t\t\t<\/div>\n\t\t\t\t<\/div>\n\t\t\t\t\t<\/div>\n\t\t\t\t<\/div>\n\t\t\t\t<\/div>\n\t\t","protected":false},"excerpt":{"rendered":"<p>ES Projektai I\u012e A. Juknos studija \u201eA+L\u201c \u012fgyvendina ES strukt\u016brin\u0117mis l\u0117\u0161omis finansuojam\u0105 projekt\u0105 Nr. 13.1.1-LVPA-K-860-01-0063 \u201eE. komercijos modelio diegimas I\u012e A. Juknos studija \u201eA+L\u201c. Bendra projekto vert\u0117 \u2013 52 400,00 Eur, i\u0161 kuri\u0173 39 300,00 Eur sudaro Europos regionin\u0117s pl\u0117tros fondo l\u0117\u0161os. Parama projekto \u012fgyvendinimui suteikta pagal 2014\u20132020 met\u0173 Europos S\u0105jungos fond\u0173 investicij\u0173 veiksm\u0173 programos [&hellip;]<\/p>\n","protected":false},"author":2,"featured_media":0,"parent":0,"menu_order":0,"comment_status":"closed","ping_status":"closed","template":"","meta":{"inline_featured_image":false,"footnotes":""},"jetpack_sharing_enabled":true,"_links":{"self":[{"href":"https:\/\/kopar.lt\/lt\/wp-json\/wp\/v2\/pages\/2404"}],"collection":[{"href":"https:\/\/kopar.lt\/lt\/wp-json\/wp\/v2\/pages"}],"about":[{"href":"https:\/\/kopar.lt\/lt\/wp-json\/wp\/v2\/types\/page"}],"author":[{"embeddable":true,"href":"https:\/\/kopar.lt\/lt\/wp-json\/wp\/v2\/users\/2"}],"replies":[{"embeddable":true,"href":"https:\/\/kopar.lt\/lt\/wp-json\/wp\/v2\/comments?post=2404"}],"version-history":[{"count":0,"href":"https:\/\/kopar.lt\/lt\/wp-json\/wp\/v2\/pages\/2404\/revisions"}],"wp:attachment":[{"href":"https:\/\/kopar.lt\/lt\/wp-json\/wp\/v2\/media?parent=2404"}],"curies":[{"name":"wp","href":"https:\/\/api.w.org\/{rel}","templated":true}]}}