{"id":2424,"date":"2022-08-03T17:14:49","date_gmt":"2022-08-03T14:14:49","guid":{"rendered":"https:\/\/kopar.lt\/grazinimas-ir-keitimas\/"},"modified":"2023-12-04T18:24:38","modified_gmt":"2023-12-04T16:24:38","slug":"grazinimas-ir-keitimas","status":"publish","type":"page","link":"https:\/\/kopar.lt\/lt\/grazinimas-ir-keitimas\/","title":{"rendered":"Gr\u0105\u017einimas ir keitimas"},"content":{"rendered":"<ul>\n<li>Prek\u0117s, kurias \u012fsigijote kopar. svetain\u0117je, gali b\u016bti pakeistos arba gr\u0105\u017eintos, jei nesate visi\u0161kai patenkinti \u012fsigytu produktu. Ne v\u0117liau kaip per 14 dien\u0173 nuo J\u016bs\u0173 preki\u0173 gavimo prane\u0161kite mums apie tai el. pa\u0161tu: <a href=\"mailto:info@kopar.lt\">info@kopar.lt<\/a>, nurodydami J\u016bs\u0173 u\u017esakymo numer\u012f, norimos gr\u0105\u017einti\/keisti prek\u0117s (-i\u0173) pavadinim\u0105 (-us) ir prie\u017east\u012f. Kai prane\u0161ite mums, kad at\u0161aukiate arba norite pakeisti savo u\u017esakym\u0105, gausite informacij\u0105, kaip gr\u0105\u017einti prekes, kuriomis nesate patenkinti.<\/li>\n<li>Preki\u0173 atsisakymo teis\u0117 reikalauja, kad prek\u0117s b\u016bt\u0173 gr\u0105\u017eintos pardav\u0117jui tokios pat nesugadintos b\u016bkl\u0117s, kiekiu ir pakuot\u0117je, kokios buvo gautos. Preki\u0173 atsisakymo teis\u0117 netenka galios, jei bandysite gr\u0105\u017einti panaudotas prekes, kas akivaizd\u017eiai suma\u017eint\u0173 j\u0173 pradin\u0119 pardavimo vert\u0119.<\/li>\n<li>Perkant trapius daiktus, kuriems itin svarbus tinkamas supakavimas pristatymo metu, pirk\u0117jas privalo gr\u0105\u017einti tokias prekes pardav\u0117jui originalioje pakuot\u0117je, kad b\u016bt\u0173 suteikta teis\u0117 atsisakyti \u012fsigytos prek\u0117s. Jei pakuot\u0117 pa\u017eeid\u017eiama, tai suma\u017eina \u012fsigytos prek\u0117s pardavimo vert\u0119. Tod\u0117l labai svarbu nuspr\u0119sti, ar norite pasilikti prekes, ar at\u0161aukti pirkim\u0105, kol pristatytos prek\u0117s pakuot\u0117 nepa\u017eeista. Pristatyt\u0105 prek\u0119 galima galima ap\u017ei\u016br\u0117ti nepa\u017eeid\u017eiant jos apsaugin\u0117s pl\u0117vel\u0117s.<\/li>\n<li>Atkreipkite d\u0117mes\u012f, kad tuo atveju, jei reikia pakeisti pristatyt\u0105 prek\u0119, pirmiausia bus gr\u0105\u017einti pinigai u\u017e gr\u0105\u017eint\u0105 siunt\u0105, vos tik ji pasieks pardav\u0117j\u0105, ir tuomet bus galima pateikti nauj\u0105 u\u017esakym\u0105. Susisiekite su mumis el. pa\u0161to adresu ir mes mielai pad\u0117sime atlikti preki\u0173 keitimo proced\u016br\u0105.<\/li>\n<li>Jei norite pakeisti \/ gr\u0105\u017einti \u012fsigyt\u0105 prek\u0119, turite sumok\u0117ti bet kokias gr\u0105\u017einimo pa\u0161to i\u0161laidas. Primygtinai rekomenduojame naudotis registruoto siuntimo paslauga, kurios d\u0117ka J\u016bs\u0173 gr\u0105\u017einama siunta b\u016bt\u0173 apdrausta. Mes nepriimame siunt\u0173, kurios i\u0161siun\u010diamos ne tiesiogiai mums, o \u012f pa\u0161to skyri\u0173.<\/li>\n<\/ul>\n<h4>Svarbios pastabos:<\/h4>\n<ul>\n<li>Visos nukainotos prek\u0117s turi b\u016bti gr\u0105\u017eintos per 7 dienas nuo pirkimo, norint, kad toki\u0105 prek\u0119 vis dar b\u016bt\u0173 galima pakeisti arba gr\u0105\u017einti. Pirk\u0117jui mes papildomai nebekoreguojame prek\u0117s kainos, jei ji dar labiau suma\u017einama po prek\u0117s \u012fsigijimo datos.<\/li>\n<li>Prek\u0117s atsisakymo teis\u0117 negali b\u016bti taikoma:\n<ul>\n<li>Prek\u0117ms, kurios buvo modifikuotos pagal kliento pageidavim\u0105;<\/li>\n<li>Pagal individual\u0173 u\u017esakym\u0105 pagamintiems daiktams;<\/li>\n<li>Verslo pirkimams.<\/li>\n<\/ul>\n<\/li>\n<li>Visos prek\u0117s, gr\u0105\u017einamos kaip sugadintos, bus patikrintos. Bet koks daiktas, kuris buvo pa\u017eeistas d\u0117l netinkamo pirk\u0117jo naudojimo ar saugojimo, nebus priimamas kaip suged\u0119s.<\/li>\n<li>Kal\u0117d\u0173 laikotarpio pirkini\u0173 gr\u0105\u017einimo taisykl\u0117s: bet kuri\u0105 prek\u0119, \u012fsigyt\u0105 nuo lapkri\u010dio 15 d. iki gruod\u017eio 24 d., galima gr\u0105\u017einti arba pakeisti (nepa\u017eeistoje ir originalioje pakuot\u0117je) iki sausio 8 d.<\/li>\n<li>Dovanos keitimas: atkreipkite d\u0117mes\u012f, kad pinigus galime gr\u0105\u017einti tik \u012f pradiniam pirkiniui naudot\u0105 kredito ar debeto kortel\u0119. Ta\u010diau J\u016bs turite galimyb\u0119 pasikeisti J\u016bs\u0173 kopar. gamin\u012f, kur\u012f gavote dovan\u0173. Jei padovanotas kopar. gaminys netinkamas, J\u016bs j\u012f galite gr\u0105\u017einti per 14 darbo dien\u0173. Susisiekite su mumis el. pa\u0161tu: <a href=\"mailto:info@kopar.lt\">info@kopar.lt<\/a> ir mes suteiksime Jums reikiam\u0105 informacij\u0105 apie preki\u0173 gr\u0105\u017einimo \/ keitimo tvark\u0105.<\/li>\n<li>Kei\u010diant prek\u0119, jei naujos prek\u0117s vert\u0117 vir\u0161ija pradin\u0119 prek\u0117s-dovanos vert\u0119, J\u016bs tur\u0117site sumok\u0117ti skirtum\u0105. Jei naujos prek\u0117s vert\u0117 bus ma\u017eesn\u0117 u\u017e pradin\u0119 dovanos vert\u0119, skirtumas bus \u012fskaitytas \u012f kredito ar debeto kortel\u0119, naudot\u0105 pirminiam pirkiniui.<\/li>\n<\/ul>\n<ul>\n<li>\u012esitikinkite, kad \u012f J\u016bs\u0173 norim\u0173 gr\u0105\u017einti \/ keisti preki\u0173 siunt\u0105 \u012feina:\n<ul>\n<li>Gr\u0105\u017einama prek\u0117, kuri turi b\u016bti nenaudota ir originalios idealios b\u016bkl\u0117s;<\/li>\n<li>Originali pakuot\u0117: d\u0117\u017eut\u0117, sertifikatai, pritvirtintos etiket\u0117s (jei yra) arba bet kokia kita pakavimo med\u017eiaga.<\/li>\n<\/ul>\n<\/li>\n<li>Kai gr\u0105\u017einimas \/ keitimas bus patvirtintas, prek\u0119 (-es) tur\u0117site i\u0161si\u0173sti \u0161iuo adresu:<\/li>\n<\/ul>\n<p>kopar. A. Juknos studija &#8220;A+L&#8221;, \u012emon\u0117s kodas: 240484130, adresas: Med\u017eiotoj\u0173 g. 8-5, Klaip\u0117da, Lietuva<\/p>\n<li>Kai J\u016bs\u0173 siunta atkeliaus \u012f m\u016bs\u0173 patalpas, gausite tai patvirtinant\u012f el. lai\u0161k\u0105, informuojant\u012f, kad \u012f pradiniam pirkiniui naudot\u0105 kredito ar debeto kortel\u0119 bus \u012fskaityta visa preki\u0173 kaina, atskai\u010dius pristatymo mokes\u010dius (gali b\u016bti taikomos i\u0161imtys). Tais atvejais, kai J\u016bs mums negr\u0105\u017einate preki\u0173 j\u0173 pradin\u0117je b\u016bkl\u0117je, mes turime teis\u0119 i\u0161 Jums \u012fskaitytos sumos i\u0161skai\u010diuoti tiesiogines preki\u0173 restauravimo i\u0161laidas. Pinigus u\u017e gr\u0105\u017einamas prekes pervesime per 2 darbo dienas nuo gr\u0105\u017eint\u0173 preki\u0173 gavimo \u012f kopar. patalpas. J\u016bs\u0173 kredito ar debeto kortel\u0117s bankui gali prireikti iki 4-7 darbo dien\u0173, kad gr\u0105\u017einami pinigai b\u016bt\u0173 \u012fskaityt\u012f \u012f J\u016bs\u0173 s\u0105skait\u0105.<\/li>\n<\/ul>\n","protected":false},"excerpt":{"rendered":"<p>Prek\u0117s, kurias \u012fsigijote kopar. svetain\u0117je, gali b\u016bti pakeistos arba gr\u0105\u017eintos, jei nesate visi\u0161kai patenkinti \u012fsigytu produktu. Ne v\u0117liau kaip per 14 dien\u0173 nuo J\u016bs\u0173 preki\u0173 gavimo prane\u0161kite mums apie tai el. pa\u0161tu: info@kopar.lt, nurodydami J\u016bs\u0173 u\u017esakymo numer\u012f, norimos gr\u0105\u017einti\/keisti prek\u0117s (-i\u0173) pavadinim\u0105 (-us) ir prie\u017east\u012f. Kai prane\u0161ite mums, kad at\u0161aukiate arba norite pakeisti savo u\u017esakym\u0105, [&hellip;]<\/p>\n","protected":false},"author":2,"featured_media":0,"parent":0,"menu_order":0,"comment_status":"closed","ping_status":"closed","template":"","meta":{"inline_featured_image":false,"footnotes":""},"jetpack_sharing_enabled":true,"_links":{"self":[{"href":"https:\/\/kopar.lt\/lt\/wp-json\/wp\/v2\/pages\/2424"}],"collection":[{"href":"https:\/\/kopar.lt\/lt\/wp-json\/wp\/v2\/pages"}],"about":[{"href":"https:\/\/kopar.lt\/lt\/wp-json\/wp\/v2\/types\/page"}],"author":[{"embeddable":true,"href":"https:\/\/kopar.lt\/lt\/wp-json\/wp\/v2\/users\/2"}],"replies":[{"embeddable":true,"href":"https:\/\/kopar.lt\/lt\/wp-json\/wp\/v2\/comments?post=2424"}],"version-history":[{"count":0,"href":"https:\/\/kopar.lt\/lt\/wp-json\/wp\/v2\/pages\/2424\/revisions"}],"wp:attachment":[{"href":"https:\/\/kopar.lt\/lt\/wp-json\/wp\/v2\/media?parent=2424"}],"curies":[{"name":"wp","href":"https:\/\/api.w.org\/{rel}","templated":true}]}}