{"id":2494,"date":"2022-08-03T14:13:29","date_gmt":"2022-08-03T11:13:29","guid":{"rendered":"https:\/\/kopar.lt\/pirkimo-pardavimo-taisykles\/"},"modified":"2023-12-04T18:28:46","modified_gmt":"2023-12-04T16:28:46","slug":"pirkimo-pardavimo-taisykles","status":"publish","type":"page","link":"https:\/\/kopar.lt\/lt\/pirkimo-pardavimo-taisykles\/","title":{"rendered":"Pirkimo \u2013 pardavimo taisykl\u0117s"},"content":{"rendered":"<h1>Pirkimo \u2013 pardavimo taisykl\u0117s<\/h1>\n<p>\t\tSveiki atvyk\u0119 \u012f <em>kopar.<\/em> internetin\u0119 svetain\u0119, kurioje prekyb\u0105 organizuoja, vykdo ir su ja susijusias paslaugas Pirk\u0117jui teikia A. Juknos studija &#8220;A+L&#8221;, \u012fmon\u0117s kodas: 240484130, adresas: Med\u017eiotoj\u0173 g. 8-5, Klaip\u0117da, Lietuva. \u017demiau paai\u0161kinamos m\u016bs\u0173 svetain\u0117je parduodam\u0173 produkt\u0173 pardavimo ir pristatymo s\u0105lygos bei taisykli\u0173 taikymas. Prie\u0161 pirkdami produktus m\u016bs\u0173 svetain\u0117je, atid\u017eiai perskaitykite \u0161ias taisykles ir s\u0105lygas. U\u017esisakant m\u016bs\u0173 produktus svetain\u0117je, J\u016bs sutinkate su \u0161iomis taisykl\u0117mis ir s\u0105lygomis bei privatumo politika.<br \/>\nMes pasiliekame teis\u0119 savo nuo\u017ei\u016bra atnaujinti, keisti ar pakeisti bet kuri\u0105 m\u016bs\u0173 pirkimo \u2013 pardavimo taisykli\u0173, taip pat privatumo politikos dal\u012f, retkar\u010diais paskelbdami atnaujinimus ir pakeitimus m\u016bs\u0173 svetain\u0117je. J\u016bs\u0173 pareiga yra periodi\u0161kai tikrinti, ar m\u016bs\u0173 svetain\u0117je n\u0117ra pakeitim\u0173. J\u016bs\u0173 tolesnis naudojimasis \u0161ia svetaine arba prieiga prie jos po toki\u0173 pakeitim\u0173 \u012fsigaliojimo bus laikoma, kad sutinkate su m\u016bs\u0173 naujomis taisykl\u0117mis ir s\u0105lygomis bei privatumo politika. Jei nesutinkate su jokiais Taisykli\u0173 ar Privatumo politikos pakeitimais, turite nedelsdami nutraukti naudojim\u0105si svetaine.<\/p>\n<p>PRISIJUNGDAMI, NAUDODAMIESI AR NAR\u0160YDAMI \u0160IOJE SVETAIN\u0116JE AR BET KURIOJE I\u0160 \u0160IOS SVETAIN\u0116S SKIL\u010cI\u0172, PUSLAPI\u0172 AR LANG\u0172, NURODOTE, KAD PERSKAIT\u0116TE, SUPRATOTE IR BES\u0104LYGI\u0160KAI SUTIKOTE SU \u0160IOMIS PIRKIMO-PARDAVIMO TAISYKL\u0116MIS IR S\u0104LYGOMIS.<\/p>\n<h2>U\u017esakymas<\/h2>\n<ul>\n<li><a href=\"http:\/\/www.kopar.lt\">kopar.lt<\/a> u\u017esakym\u0105 galima pateikti 24 valandas per par\u0105 \u2013 365 dienas per metus.<\/li>\n<li>Jei Jums sunku u\u017ebaigti u\u017esakym\u0105 arba nar\u0161yti m\u016bs\u0173 svetain\u0117je, i\u0161 naujo paleiskite interneto nar\u0161ykl\u0119. Jei problemos nei\u0161nyksta, susisiekite su mumis el. pa\u0161tu: <a href=\"mailto:info@kopar.lt\">info@kopar.lt<\/a> ir m\u016bs\u0173 IT komanda Jums pad\u0117s kaip \u012fmanoma grei\u010diau.<\/li>\n<li>kopar. darbuotojai mielai atsakys \u012f visas J\u016bs\u0173 u\u017eklausas d\u0117l gamini\u0173 ir \/ ar pristatymo s\u0105lyg\u0173 prie\u0161 perkant bet kuri\u0105 prek\u0119 m\u016bs\u0173 svetain\u0117je. Jei turite klausim\u0173, nedvejodami susisiekite su mumis el. pa\u0161tu: <a href=\"mailto:info@kopar.lt\">info@kopar.lt<\/a><\/li>\n<li>Jei nenurodyta kitaip, visos m\u016bs\u0173 internetin\u0117je parduotuv\u0117je matomos kainos yra nurodytos eurais su PVM. Jei perkate ne euro zonoje, Jums i\u0161ra\u0161ytoms sumoms gali tur\u0117ti \u012ftakos valiutos svyravimai ir kredito kortel\u0117s mokes\u010diai.<\/li>\n<li>Jums gali tekti sumok\u0117ti papildomai u\u017e preki\u0173 pristatym\u0105, kaip ir mes neb\u016btinai gal\u0117sime pristatyti prekes \u012f kai kurias vietas. Pristatymo mokes\u010diai ir s\u0105lygos nurodyti m\u016bs\u0173 svetain\u0117je.<\/li>\n<li>Nuolaid\u0173 kodai gali b\u016bti pritaikomi u\u017esakymams, formuojamiems \u0161ioje svetain\u0117je. Tokie kodai gali b\u016bti taikomi tik perkant prekes u\u017e vis\u0105 kain\u0105 ir negali b\u016bti naudojami kartu su jokiais kitais pasi\u016blymais ar nuolaidomis.<\/li>\n<li>Atkreipkite d\u0117mes\u012f, kad \u0161iuo metu Jums matomos nurodytos kainos yra teisingos ir mes pasiliekame teis\u0119 periodi\u0161kai jas keisti be i\u0161ankstinio \u012fsp\u0117jimo. Kainas gali \u012ftakoti: valiutos pasikeitimai, nenugalimos j\u0117gos aplinkyb\u0117s, pristatymo sutrikimai, mokes\u010di\u0173 poky\u010diai, kiekis sandelyje ir sen\u0173 kolekcij\u0173 prek\u0117s bei \u017emogi\u0161kosios klaidos, suvedant prekes \u012f sistem\u0105.<\/li>\n<li>Nuotraukos ir gamini\u0173 apra\u0161ymai: visos prek\u0117s apra\u0161ytos kaip \u012fmanoma geriau, atsi\u017evelgiant \u012f prek\u0117s tip\u0105, dyd\u012f, form\u0105, spalv\u0105 ir kit\u0105 apdail\u0105. Visi nurodyti i\u0161matavimai gali b\u016bti su minimalia, keli\u0173 procent\u0173 paklaida. Ta\u010diau m\u016bs\u0173 svetain\u0117je ir internetin\u0117je parduotuv\u0117je patalpintos prek\u0117s nuotraukos ir tikroji preki\u0173 i\u0161vaizda gali skirtis. Taip gali b\u016bti d\u0117l kompiuterio ar monitoriaus nustatym\u0173 skirtum\u0173. Be to, m\u016bs\u0173 gaminiai gaminami tik rankomis i\u0161 i\u0161skirtini\u0173 med\u017eiag\u0173 \u2013 vario, \u017ealvario, aliuminio, med\u017eio \u2013 tod\u0117l kiekvienas gaminys yra unikalus \/ vienetinis, tod\u0117l antro tokio identi\u0161ko gaminio pagaminti ne\u012fmanoma.<\/li>\n<li>J\u016bs garantuojate mums, kad visa informacija, kuri\u0105 privalote pateikti u\u017esakydami prekes internetu, u\u017esakymo metu yra tiksli ir i\u0161sami visais at\u017evilgiais ir kad \u0161i informacija yra susijusi su Jumis \/ u\u017esakym\u0105 pateikian\u010diu asmeniu, o ne su jokia tre\u010di\u0105ja \u0161alimi.<\/li>\n<li>Kai u\u017esakymas atliekamas internetu, \u012fmon\u0117s, atliekan\u010dios mok\u0117jim\u0105 kredito \/ debeto kortele, i\u0161duotas u\u017esakymo patvirtinimas nerei\u0161kia, kad mes priimame J\u016bs\u0173 u\u017esakym\u0105. Pasiliekame teis\u0119 tikrinti bet kokius neatitikimus ir u\u017esakymas bus patvirtintas tik tada, kai j\u012f Jums patvirtinsime mes patys ir J\u016bs\u0173 u\u017esakytos prek\u0117s bus paruo\u0161tos i\u0161siuntimui.<\/li>\n<li>Bet kokia u\u017esakymo proceso klaida d\u0117l technini\u0173 ar kit\u0173 nuo m\u016bs\u0173 nepriklausan\u010di\u0173 prie\u017eas\u010di\u0173 suteikia mums teis\u0119 nelaikyti u\u017esakymo mums privalomu.<\/li>\n<li>Pateikdami u\u017esakym\u0105 J\u016bs si\u016blote \u012fsigyti prek\u0119, kuriai taikomos \u0161ios taisykl\u0117s ir s\u0105lygos. Preki\u0173 apra\u0161ymas ir kainos pateikiamos u\u017esakymo puslapyje. Preki\u0173 ir paslaug\u0173 reklama \u0161ioje svetain\u0117je yra kvietimas prekiauti. Tai rei\u0161kia, kad J\u016bs\u0173 u\u017esakymas yra pasi\u016blymas ir tarp J\u016bs\u0173 ir kopar. nesudaroma jokia pardavimo sutartis, kol negausite u\u017esakym\u0105 patvirtinan\u010dio el. lai\u0161ko. Visi u\u017esakymai priklauso nuo preki\u0173 prieinamumo ir u\u017esakymo kainos patvirtinimo. Turime gauti vis\u0105 mok\u0117jim\u0105. Kai tik gausime mok\u0117jim\u0105, patvirtinsime, kad J\u016bs\u0173 u\u017esakymas gautas, atsi\u0173sdami Jums el. lai\u0161k\u0105 adresu, kur\u012f nurod\u0117te u\u017esakymo formoje atsiskaitydami. Tai n\u0117ra oficialus J\u016bs\u0173 u\u017esakymo pri\u0117mimas. J\u016bs\u0173 u\u017esakymo patvirtinimas \u012fvyksta i\u0161siun\u010diant Jums u\u017esakytas prekes, nebent mes Jus informuojame, kad nepriimame J\u016bs\u0173 u\u017esakymo, arba J\u016bs papra\u0161ote at\u0161aukti u\u017esakym\u0105 i\u0161kart po jo pateikimo.<\/li>\n<li>Visi pateikti ir patvirtinti u\u017esakymai negali b\u016bti at\u0161aukti. Jei norite at\u0161aukti savo u\u017esakym\u0105, per valand\u0105 nuo jo pateikimo prane\u0161kite mums adresu: <a href=\"mailto:info@kopar.lt\">info@kopar.lt<\/a><\/li>\n<li>Mes pasiliekame teis\u0119 at\u0161aukti J\u016bs\u0173 u\u017esakym\u0105, jei:\n<ul>\n<li>Neturime pakankamai atsarg\u0173 J\u016bs\u0173 u\u017esakytoms prek\u0117ms pristatyti;<\/li>\n<li>Mes negalime pristatyti prek\u0117s J\u016bs\u0173 adresu;<\/li>\n<li>Viena ar kelios J\u016bs\u0173 u\u017esakytos prek\u0117s buvo neteisingai \u012fvestos \u012f sistem\u0105 tiek d\u0117l \u017emogi\u0161kosios klaidos suvedin\u0117jant prek\u0117s informacijos ar atsarg\u0173 sand\u0117lyje klaidos.<\/li>\n<\/ul>\n<\/li>\n<li>Jei at\u0161auksime J\u016bs\u0173 pirkin\u012f, apie tai Jus informuosime el. pa\u0161tu arba telefonu ir kuo grei\u010diau gr\u0105\u017einsime vis\u0105 sumok\u0117t\u0105 sum\u0105. Mes neprivalome si\u016blyti jokios papildomos kompensacijos u\u017e patirt\u0105 nusivylim\u0105.<\/li>\n<li>Pri\u0117mus J\u016bs\u0173 u\u017esakym\u0105, tarp m\u016bs\u0173 sudaroma teisi\u0161kai \u012fpareigojanti sutartis. Tik pilname\u010diai (18 met\u0173 ir vyresni asmenys) turi teis\u0119 sudaryti teisi\u0161kai \u012fpareigojan\u010dias sutartis. Tod\u0117l asmenims, kurie negali sudaryti teisi\u0161kai \u012fpareigojan\u010di\u0173 sutar\u010di\u0173, draud\u017eiama u\u017esisakyti preki\u0173 naudojantis \u0161ia svetaine.<\/li>\n<li><i>kopar.<\/i> pasilieka teis\u0119 bet kuriuo metu at\u0161aukti bet kokias prekes i\u0161 svetain\u0117s arba pakeisti ar nutraukti paslaug\u0105 (ar bet kuri\u0105 jos dal\u012f ar turin\u012f). kopar. niekam neatsako u\u017e preki\u0173 i\u0161\u0117mim\u0105 i\u0161 svetain\u0117s, u\u017e atsisakym\u0105 vykdyti u\u017esakym\u0105 arba u\u017e bet kok\u012f paslaugos pakeitim\u0105, kainos pakeitim\u0105, sustabdym\u0105 ar nutraukim\u0105.<\/li>\n<li><i>kopar.<\/i> niekam neatsako u\u017e v\u0117lavim\u0105 d\u0117l aplinkybi\u0173, nesusijusi\u0173 su kopar. prieinama kontrole, \u012fskaitant, bet neapsiribojant, streikus, blokavim\u0105, gin\u010dus, sistem\u0173 ar prieigos gedimus, potvyn\u012f, gaisr\u0105, sprogim\u0105 ar kit\u0105 nelaiming\u0105 atsitikim\u0105.<\/li>\n<li>Visos preki\u0173 u\u017esakymo internetu s\u0105lygos taikomos ir ai\u0161kinamos pagal Lietuvos Respublikos \u012fstatymus.<\/li>\n<li>Perkant <a href=\"http:\/\/www.kopar.lt\">kopar.lt<\/a> sutartys sudaromos \u0161iomis kalbomis: angl\u0173.<\/li>\n<\/ul>\n<h2>Apmok\u0117jimas<\/h2>\n<ul>\n<li>Klientui paspaudus u\u017esakym\u0105 patvirtinant\u012f mygtuk\u0105, ji privalo sumok\u0117ti u\u017e pirkin\u012f ir jo pristatymo mokes\u010dius (jei jie taikomi).<\/li>\n<li><a href=\"http:\/\/www.kopar.lt\">kopar.lt<\/a> galite naudoti \u0161iuos mok\u0117jimo b\u016bdus:\n<ul>\n<li>Saug\u0173 pinig\u0173 pervedimas naudojant J\u016bs\u0173 banko s\u0105skait\u0105;<\/li>\n<li>Saug\u0173 atsiskaitym\u0105 internetu per tarptautinius mok\u0117jim\u0173 operatorius PayPal, Paysera;<\/li>\n<li>Priimamomis kredito kortel\u0117mis: VISA, MasterCard, American Express ir kitoms tarptautin\u0117mis kredito kortel\u0117mis.<\/li>\n<\/ul>\n<\/li>\n<li>Kai mokate kreditine kortele, J\u016bs visada esate apsaugoti nuo galimo piktnaud\u017eiavimo, o gav\u0119 mok\u0117jimo ataskait\u0105 turite galimyb\u0119 atsisakyti mok\u0117jimo. N\u0117ra jokios rizikos, jei J\u016bs\u0173 kortele piktnaud\u017eiaujama internetin\u0117je parduotuv\u0117je, kurioje naudojamas SSL (Secure Socket Layer). Taigi J\u016bs esate geriau apsaugoti nei fiziniame pasaulyje, kur J\u016bs pats esate atsakingas u\u017e ribot\u0105 sum\u0105, jei J\u016bs\u0173 kredito kortele piktnaud\u017eiaujama naudojant PIN kod\u0105.<\/li>\n<li>J\u016bs\u0173 pateikti duomenys, susij\u0119 su pirkiniais, apmok\u0117tais kredito kortele, yra u\u017e\u0161ifruoti (SSL), ir juos gali perskaityti tik Teller (mok\u0117jim\u0173 pervedimo \u012fmon\u0117). Nei kopar. darbuotojai, nei kiti neturi galimyb\u0117s perskaityti \u0161i\u0173 duomen\u0173.<\/li>\n<li>Jei kilt\u0173 problem\u0173 d\u0117l mok\u0117jimo, i\u0161bandykite \u0161iuos veiksmus:\n<ul>\n<li>Naudokite alternatyvi\u0105 kredito kortel\u0119;<\/li>\n<li>Naudokite alternatyv\u0173 mok\u0117jimo b\u016bd\u0105;<\/li>\n<li>I\u0161 naujo paleiskite interneto nar\u0161ykl\u0119 ir bandykite dar kart\u0105;<\/li>\n<li>I\u0161trinkite slapukus i\u0161 savo kompiuterio arba i\u0161valykite laikin\u0105j\u0105 atmint\u012f. Po to pabandykite dar kart\u0105;<\/li>\n<li>Jei J\u016bs\u0173 problemos i\u0161lieka, nesijaudinkite. Susisiekite su mumis elektroniniu pa\u0161tu: <a href=\"mailto:info@kopar.lt\">info@kopar.lt<\/a><\/li>\n<\/ul>\n<\/li>\n<\/ul>\n<h2>Akcijos ir Nuolaid\u0173 Kodai<\/h2>\n<ul>\n<li>Nor\u0117dami pirmi su\u017einoti apie specialius pasi\u016blymus ar taikomas nuolaidas, u\u017esiprenumeruokite m\u016bs\u0173 naujienlai\u0161k\u012f.<\/li>\n<li>Nor\u0117dami panaudoti nuolaidos kod\u0105, pra\u0161ome j\u012f \u012fvesti \u012f nuolaidos kupono kodui skirt\u0105 laukel\u012f, esant\u012f krep\u0161elio puslapyje, atsiskaitymo metu. Jei kyla problem\u0173 d\u0117l kodo panaudojimo, susisiekite su mumis el. pa\u0161tu: <a href=\"mailto:info@kopar.lt\">info@kopar.lt<\/a><\/li>\n<li>I\u0161skyrus tuos atvejus, kai Jums prane\u0161ama, kad pasi\u016blymas bus automati\u0161kai pritaikytas J\u016bs\u0173 krep\u0161eliui, nuolaidos kod\u0105 turite \u012fvesti atsiskaitymo metu prie\u0161 atsiskaitydami, kitu atveju nuolaida nebus pritaikyta.<\/li>\n<li>Nuolaidos kodai galioja tik pilnos kainos prek\u0117ms ir neapima i\u0161pardavimo preki\u0173, dovan\u0173 pakavimo ar dovan\u0173 korteli\u0173.<\/li>\n<li>Vienam u\u017esakymui galima naudoti tik vien\u0105 nuolaidos kod\u0105.<\/li>\n<li>Visi pasi\u016blymai priklauso nuo turim\u0173 atsarg\u0173 sand\u0117lyje ir gali bet kada keistis.<\/li>\n<li>Nuolaid\u0173 kodai neperleid\u017eiami, o gryn\u0173j\u0173 pinig\u0173 alternatyvos n\u0117ra.<\/li>\n<li>Gr\u0105\u017einus prek\u0119 i\u0161 u\u017esakymo, \u012fsigyto naudojant nuolaidos kod\u0105, ta pati nuolaida bus taikoma kiekvienai J\u016bs\u0173 u\u017esakymo prekei, kuri\u0105 J\u016bs gr\u0105\u017einate. Be to, bet kokia nemokama reklamin\u0117 dovana, pasi\u016blyta kartu su u\u017esakymu, taip pat turi b\u016bti gr\u0105\u017einta, jei gr\u0105\u017einate prek\u0119 (-es), su kuria (-iomis) dovana buvo susijusi.<\/li>\n<\/ul>\n<h2>Autori\u0173 ir Nuosavyb\u0117s Teis\u0117s<\/h2>\n<p>Autori\u0173 teis\u0117s \u00a9 kopar. Visos teis\u0117s saugomos<\/p>\n<ul>\n<li>Visa svetain\u0117s ir kit\u0173 susijusi\u0173 platform\u0173 (pavyzd\u017eiui, bet neapsiribojant FACEBOOK, INSTAGRAM ir kt.) med\u017eiaga, \u012fskaitant \u0161ios svetain\u0117s ir kit\u0173 susijusi\u0173 platform\u0173 turin\u012f ir rodym\u0105 (pavyzd\u017eiui, bet neapsiribojant FACEBOOK, INSTAGRAM ir kt.) yra kopar. nuosavyb\u0117. Svetain\u0117s ir kit\u0173 susijusi\u0173 platform\u0173 (pavyzd\u017eiui, bet neapsiribojant FACEBOOK, INSTAGRAM ir kt.) med\u017eiaga yra saugoma \u012fstatym\u0173, \u012fskaitant, bet neapsiribojant, Lietuvos ir tarptautin\u012f autori\u0173 teisi\u0173 \u012fstatym\u0105 bei preki\u0173 \u017eenkl\u0173 \u012fstatym\u0105, taip pat kit\u0173 valstybi\u0173 federaliniai ir tarptautiniai \u012fstatymai bei taisykl\u0117s. Kiti pavadinimai ir logotipai, esantys \u0161ioje svetain\u0117je ir kitose susijusiose platformose (pavyzd\u017eiui, bet neapsiribojant FACEBOOK, INSTAGRAM ir kt.) arba m\u016bs\u0173 filial\u0173 preki\u0173 \u017eenklai ir paslaug\u0173 \u017eenklai esantys svetain\u0117je ir kitose susijusiose platformose (pavyzd\u017eiui, bet neapsiribojant, FACEBOOK, INSTAGRAM ir kt. .) negali b\u016bti naudojami be prek\u0117s \u017eenklo ar paslaug\u0173 \u017eenklo savininko leidimo.<\/li>\n<li>I\u0161skyrus ai\u0161kiai leid\u017eiamus atvejus, sutinkate nenaudoti m\u016bs\u0173 svetain\u0117s ir kit\u0173 susijusi\u0173 platform\u0173 (pvz., FACEBOOK, INSTAGRAM ir kt.) pardavimo, prekybos ar kitais komerciniais tikslais ir negalite keisti, kopijuoti, skelbti, rodyti, perduoti, pritaikyti ar bet kokiu b\u016bdu naudoti turin\u012f, esant\u012f m\u016bs\u0173 svetain\u0117je ir kitose susijusiose platformose (pavyzd\u017eiui, bet neapsiribojant FACEBOOK, INSTAGRAM ir kt.).<\/li>\n<li>J\u016bs sutinkate nesinaudoti m\u016bs\u0173 svetaine ir kitomis susijusiomis platformomis (pvz., FACEBOOK, INSTAGRAM ir kt.), kad pateiktum\u0117te nei\u0161sami\u0105, melaging\u0105, netiksli\u0105 ir ne J\u016bs\u0173 informacij\u0105; u\u017esiimti nusikalstama veikla ar kitaip sukelti elges\u012f, kuris gali pa\u017eeisti \u012fstatymus arba nesilaikyti priimto interneto protokolo; bandyti bet kokiu b\u016bdu ki\u0161tis \u012f m\u016bs\u0173 svetain\u0119 ir kitas susijusias platformas (pavyzd\u017eiui, bet neapsiribojant FACEBOOK, INSTAGRAM ir kt.) ar j\u0173 saugum\u0105 arba paduoti ie\u0161kin\u012f m\u016bs\u0173 svetainei ir kitoms susijusioms platformoms (pavyzd\u017eiui, ta\u010diau neapsiribojant, FACEBOOK, INSTAGRAM ir kt.), kad gautum\u0117te neteis\u0117t\u0105 prieig\u0105 prie bet kurios kitos kompiuterin\u0117s sistemos.<\/li>\n<li>\u0160ios taisykl\u0117s ir s\u0105lygos, taip pat kopar. Privatumo politika, nustato vis\u0105 \u0161ali\u0173 susitarim\u0105 d\u0117l naudojimosi www.kopar.lt internetine parduotuve. Jei kuri nors \u0161ios sutarties nuostata laikoma neteis\u0117ta, negaliojan\u010dia ar d\u0117l koki\u0173 nors prie\u017eas\u010di\u0173 ne\u012fgyvendinama, tokia nuostata laikoma atskirta nuo \u0161ios sutarties ir neturi \u012ftakos likusi\u0173 nuostat\u0173 galiojimui ir \u012fvykdymui. Sutinkate, kad \u0161i\u0105 sutart\u012f ir visas \u012ftrauktas sutartis kopar. savo nuo\u017ei\u016bra gali automati\u0161kai perleisti tre\u010diajai \u0161aliai susijungimo ar \u012fsigijimo atveju.<\/li>\n<\/ul>\n<p>Paskutinis bendr\u0173j\u0173 pirkimo \u2013 pardavimo taisykli\u0173 atnaujinimas: <strong>2021 m. vasario m\u0117n.<\/strong><\/p>\n","protected":false},"excerpt":{"rendered":"<p>Pirkimo \u2013 pardavimo taisykl\u0117s Sveiki atvyk\u0119 \u012f kopar. internetin\u0119 svetain\u0119, kurioje prekyb\u0105 organizuoja, vykdo ir su ja susijusias paslaugas Pirk\u0117jui teikia A. Juknos studija &#8220;A+L&#8221;, \u012fmon\u0117s kodas: 240484130, adresas: Med\u017eiotoj\u0173 g. 8-5, Klaip\u0117da, Lietuva. \u017demiau paai\u0161kinamos m\u016bs\u0173 svetain\u0117je parduodam\u0173 produkt\u0173 pardavimo ir pristatymo s\u0105lygos bei taisykli\u0173 taikymas. Prie\u0161 pirkdami produktus m\u016bs\u0173 svetain\u0117je, atid\u017eiai perskaitykite \u0161ias [&hellip;]<\/p>\n","protected":false},"author":2,"featured_media":0,"parent":0,"menu_order":0,"comment_status":"closed","ping_status":"closed","template":"","meta":{"inline_featured_image":false,"footnotes":""},"jetpack_sharing_enabled":true,"_links":{"self":[{"href":"https:\/\/kopar.lt\/lt\/wp-json\/wp\/v2\/pages\/2494"}],"collection":[{"href":"https:\/\/kopar.lt\/lt\/wp-json\/wp\/v2\/pages"}],"about":[{"href":"https:\/\/kopar.lt\/lt\/wp-json\/wp\/v2\/types\/page"}],"author":[{"embeddable":true,"href":"https:\/\/kopar.lt\/lt\/wp-json\/wp\/v2\/users\/2"}],"replies":[{"embeddable":true,"href":"https:\/\/kopar.lt\/lt\/wp-json\/wp\/v2\/comments?post=2494"}],"version-history":[{"count":0,"href":"https:\/\/kopar.lt\/lt\/wp-json\/wp\/v2\/pages\/2494\/revisions"}],"wp:attachment":[{"href":"https:\/\/kopar.lt\/lt\/wp-json\/wp\/v2\/media?parent=2494"}],"curies":[{"name":"wp","href":"https:\/\/api.w.org\/{rel}","templated":true}]}}